{"id":771,"date":"2021-05-08T10:55:19","date_gmt":"2021-05-08T08:55:19","guid":{"rendered":"http:\/\/yellow-electricite.fr\/?page_id=771"},"modified":"2021-05-08T10:55:19","modified_gmt":"2021-05-08T08:55:19","slug":"mise-aux-normes","status":"publish","type":"page","link":"https:\/\/yellow-electricite.fr\/?page_id=771","title":{"rendered":"Mise aux normes"},"content":{"rendered":"\n<p>Votre installation \u00e9lectrique est vieille et dangereuse ? Vous craignez pour votre s\u00e9curit\u00e9 ? Yellow Electricit\u00e9 peut remettre aux normes toutes votre installation \u00e9lectrique. Cela passe, entre autres, par une modernisation de votre tableau \u00e9lectrique afin d&rsquo;\u00eatre correctement prot\u00e9g\u00e9.<\/p>\n","protected":false},"excerpt":{"rendered":"<p>Votre installation \u00e9lectrique est vieille et dangereuse ? Vous craignez pour votre s\u00e9curit\u00e9 ? Yellow Electricit\u00e9 peut remettre aux normes toutes votre installation \u00e9lectrique. Cela passe, entre autres, par une modernisation de votre tableau \u00e9lectrique afin d&rsquo;\u00eatre correctement prot\u00e9g\u00e9.<\/p>\n","protected":false},"author":1,"featured_media":0,"parent":0,"menu_order":0,"comment_status":"closed","ping_status":"closed","template":"","meta":{"footnotes":""},"class_list":["post-771","page","type-page","status-publish","hentry","entry"],"_links":{"self":[{"href":"https:\/\/yellow-electricite.fr\/index.php?rest_route=\/wp\/v2\/pages\/771","targetHints":{"allow":["GET"]}}],"collection":[{"href":"https:\/\/yellow-electricite.fr\/index.php?rest_route=\/wp\/v2\/pages"}],"about":[{"href":"https:\/\/yellow-electricite.fr\/index.php?rest_route=\/wp\/v2\/types\/page"}],"author":[{"embeddable":true,"href":"https:\/\/yellow-electricite.fr\/index.php?rest_route=\/wp\/v2\/users\/1"}],"replies":[{"embeddable":true,"href":"https:\/\/yellow-electricite.fr\/index.php?rest_route=%2Fwp%2Fv2%2Fcomments&post=771"}],"version-history":[{"count":1,"href":"https:\/\/yellow-electricite.fr\/index.php?rest_route=\/wp\/v2\/pages\/771\/revisions"}],"predecessor-version":[{"id":772,"href":"https:\/\/yellow-electricite.fr\/index.php?rest_route=\/wp\/v2\/pages\/771\/revisions\/772"}],"wp:attachment":[{"href":"https:\/\/yellow-electricite.fr\/index.php?rest_route=%2Fwp%2Fv2%2Fmedia&parent=771"}],"curies":[{"name":"wp","href":"https:\/\/api.w.org\/{rel}","templated":true}]}}